{"id":2,"date":"2013-11-24T10:48:15","date_gmt":"2013-11-24T10:48:15","guid":{"rendered":"http:\/\/www.architekturbuero-wendrich.de\/de\/?page_id=2"},"modified":"2014-01-20T10:27:57","modified_gmt":"2014-01-20T08:27:57","slug":"beispiel-seite","status":"publish","type":"page","link":"https:\/\/www.abw-planung.de\/?page_id=2","title":{"rendered":"Willkommen"},"content":{"rendered":"<p>Das Team des Architekturb\u00fcros Wendrich ist der Spezialist f\u00fcr individuelle und kunden-orientierter Architektur im Hoch-, Tief- und Landschaftsbau in der Region Gera. Dar\u00fcber hinaus bietet unser B\u00fcro individuelle L\u00f6sungen f\u00fcr den Bau und die Sanierung von Privat- und Gesch\u00e4ftsh\u00e4usern, gestalteten Innenr\u00e4ume und f\u00fchren technische Geb\u00e4udesanierungen durch.<\/p>\n<p>Wichtig ist uns dabei der innovative Einsatz unterschiedlicher Materialien, das spannungsreiche Spiel mit Licht und Farben sowie die kreative Verbindung von Tradition und Moderne.<\/p>\n<p>&nbsp;<\/p>\n","protected":false},"excerpt":{"rendered":"<p>Das Team des Architekturb\u00fcros Wendrich ist der Spezialist f\u00fcr individuelle und kunden-orientierter Architektur im Hoch-, Tief- und Landschaftsbau in der&#8230;<\/p>\n","protected":false},"author":1,"featured_media":0,"parent":0,"menu_order":0,"comment_status":"open","ping_status":"open","template":"template-full-width-ohne-widget.php","meta":{"footnotes":""},"_links":{"self":[{"href":"https:\/\/www.abw-planung.de\/index.php?rest_route=\/wp\/v2\/pages\/2"}],"collection":[{"href":"https:\/\/www.abw-planung.de\/index.php?rest_route=\/wp\/v2\/pages"}],"about":[{"href":"https:\/\/www.abw-planung.de\/index.php?rest_route=\/wp\/v2\/types\/page"}],"author":[{"embeddable":true,"href":"https:\/\/www.abw-planung.de\/index.php?rest_route=\/wp\/v2\/users\/1"}],"replies":[{"embeddable":true,"href":"https:\/\/www.abw-planung.de\/index.php?rest_route=%2Fwp%2Fv2%2Fcomments&post=2"}],"version-history":[{"count":4,"href":"https:\/\/www.abw-planung.de\/index.php?rest_route=\/wp\/v2\/pages\/2\/revisions"}],"predecessor-version":[{"id":123,"href":"https:\/\/www.abw-planung.de\/index.php?rest_route=\/wp\/v2\/pages\/2\/revisions\/123"}],"wp:attachment":[{"href":"https:\/\/www.abw-planung.de\/index.php?rest_route=%2Fwp%2Fv2%2Fmedia&parent=2"}],"curies":[{"name":"wp","href":"https:\/\/api.w.org\/{rel}","templated":true}]}}