{"id":232,"date":"2014-01-18T16:31:36","date_gmt":"2014-01-18T14:31:36","guid":{"rendered":"http:\/\/www.architekturbuero-wendrich.de\/de\/?page_id=232"},"modified":"2014-01-18T17:32:17","modified_gmt":"2014-01-18T15:32:17","slug":"projektsteuerung-projekte","status":"publish","type":"page","link":"https:\/\/www.abw-planung.de\/?page_id=232","title":{"rendered":"PROJEKTSTEUERUNG | Projekte"},"content":{"rendered":"<p>Sie als Auftraggeber, Investor oder Bauherr haben durch unser erfahrenes Projektteam vom ersten Tag an eine Planungs- und Kostenkontrolle. Wir sind uns Ihres Vertrauens bewusst und liefern Ihnen Qualit\u00e4t, Verl\u00e4sslichkeit und Service. Denn wir stehen f\u00fcr eine nachhaltige Partnerschaft.<\/p>\n<p>Als Partner \u00fcbernehmen wir alles<\/p>\n","protected":false},"excerpt":{"rendered":"<p>Sie als Auftraggeber, Investor oder Bauherr haben durch unser erfahrenes Projektteam vom ersten Tag an eine Planungs- und Kostenkontrolle. Wir&#8230;<\/p>\n","protected":false},"author":1,"featured_media":0,"parent":48,"menu_order":0,"comment_status":"open","ping_status":"open","template":"template-works.php","meta":{"footnotes":""},"_links":{"self":[{"href":"https:\/\/www.abw-planung.de\/index.php?rest_route=\/wp\/v2\/pages\/232"}],"collection":[{"href":"https:\/\/www.abw-planung.de\/index.php?rest_route=\/wp\/v2\/pages"}],"about":[{"href":"https:\/\/www.abw-planung.de\/index.php?rest_route=\/wp\/v2\/types\/page"}],"author":[{"embeddable":true,"href":"https:\/\/www.abw-planung.de\/index.php?rest_route=\/wp\/v2\/users\/1"}],"replies":[{"embeddable":true,"href":"https:\/\/www.abw-planung.de\/index.php?rest_route=%2Fwp%2Fv2%2Fcomments&post=232"}],"version-history":[{"count":2,"href":"https:\/\/www.abw-planung.de\/index.php?rest_route=\/wp\/v2\/pages\/232\/revisions"}],"predecessor-version":[{"id":234,"href":"https:\/\/www.abw-planung.de\/index.php?rest_route=\/wp\/v2\/pages\/232\/revisions\/234"}],"up":[{"embeddable":true,"href":"https:\/\/www.abw-planung.de\/index.php?rest_route=\/wp\/v2\/pages\/48"}],"wp:attachment":[{"href":"https:\/\/www.abw-planung.de\/index.php?rest_route=%2Fwp%2Fv2%2Fmedia&parent=232"}],"curies":[{"name":"wp","href":"https:\/\/api.w.org\/{rel}","templated":true}]}}