{"id":419,"date":"2014-01-19T18:33:54","date_gmt":"2014-01-19T16:33:54","guid":{"rendered":"http:\/\/www.architekturbuero-wendrich.de\/de\/?page_id=419"},"modified":"2024-10-24T11:29:29","modified_gmt":"2024-10-24T09:29:29","slug":"hochbau-ansprechpartner","status":"publish","type":"page","link":"https:\/\/www.abw-planung.de\/?page_id=419","title":{"rendered":"HOCHBAU \/ Ansprechpartner"},"content":{"rendered":"<p><strong>Herr Heiko Wendrich<br \/><\/strong>Gesch\u00e4ftsf\u00fchrer<br \/>Dipl. -Ing. Architekt St\u00e4dtebau<\/p>\n<p>Mitglied und Bauvorlageberechtigung Architektenkammer Th\u00fcringen<\/p>\n<ul>\n<li>Architektur seit 1994<\/li>\n<li>Stadtplanung seit 1992<\/li>\n<\/ul>\n<p>Sicherheits- und Gesundheitsschutz-Koordinator<br \/>Fachplaner f\u00fcr vorbeugenden baulichen Brandschutz<\/p>\n<p>Telefon&nbsp; 0365 &#8211; 83 10 171<br \/>Telefax &nbsp;0365 &#8211; 83 10 172<br \/>Email &nbsp;&nbsp;<a href=\"mailto:h.wendrich@abw-planung.de\">h.wendrich@abw-planung.de<\/a><\/p>\n<hr>\n<p><strong>Herr Christian Wolf<br \/><\/strong>Geschaftsf\u00fchrer<strong><br \/><\/strong>Dipl. -Ing. Bauingenieurwesen<br \/><span style=\"line-height: 1.68; font-size: 1rem;\"><br \/><\/span>Telefon&nbsp; 0365 &#8211; 83 10 171<br \/>Telefax &nbsp;0365 &#8211; 83 10 172<br \/>Email&nbsp;&nbsp;&nbsp; <a href=\"mailto:c.wolf@abw-planung.de\">c.wolf@abw-planung.de<\/a><\/p>\n<hr>\n<p><strong>Frau Karen Franz<br \/><\/strong>Dipl. -Ing. (FH) Hochbau<br \/><span style=\"line-height: 1.68; font-size: 1rem;\"><br \/><\/span>Telefon&nbsp; 03722 4063 68<br \/>Telefax &nbsp;03722 4063 69<br \/>Email&nbsp;&nbsp;&nbsp; <a href=\"mailto:k.franz@abw-planung.de\">k.franz@abw-planung.de<\/a><\/p>\n<hr>\n\n\n<p><strong>Frau Grit L\u00fcdeke<br><\/strong>Dipl. -Ing. (FH) Architektin<\/p>\n\n\n\n<p>Geeigneter Sicherheits- und Gesundheitsschutz-Koordinator nach Baustellenverordnung<\/p>\n\n\n\n<p>Telefon&nbsp; 0365&nbsp;&#8211; 83 10 171<br>Telefax &nbsp;0365 &#8211;&nbsp;83 10 172<br>Email &nbsp;&nbsp;<a href=\"mailto:g.luedeke@abw-planung.de\">g.luedeke@abw-planung.de<\/a><\/p>\n\n\n<p><!-- \/wp:paragraph --><\/p>\n<p><!-- wp:paragraph --><\/p>\n<p><!-- \/wp:paragraph --><\/p>\n<p><!-- wp:paragraph --><\/p>\n<p><!-- \/wp:paragraph --><\/p>\n<hr \/>\n<p><strong>Melis Sagnak Demirk\u00fcrek<br \/><\/strong><\/p>\n<p><!-- \/wp:paragraph --><\/p>\n<p><!-- wp:paragraph --><\/p>\n<p>Telefon\u00a0 0365 &#8211; 83 10 171<br \/>Telefax \u00a00365 &#8211; 83 10 172<br \/>Email \u00a0 <a href=\"mailto:m.demirkuerek@abw-planung.de\">m.demirkuerek@abw-planung.de<\/a><\/p>\n<p><!-- \/wp:paragraph --><\/p>\n<p><!-- wp:paragraph --><\/p>\n<p><!-- \/wp:paragraph --><\/p>","protected":false},"excerpt":{"rendered":"<p>Herr Heiko WendrichGesch\u00e4ftsf\u00fchrerDipl. -Ing. Architekt St\u00e4dtebau Mitglied und Bauvorlageberechtigung Architektenkammer Th\u00fcringen Architektur seit 1994 Stadtplanung seit 1992 Sicherheits- und Gesundheitsschutz-KoordinatorFachplaner&#8230;<\/p>\n","protected":false},"author":1,"featured_media":0,"parent":23,"menu_order":0,"comment_status":"open","ping_status":"open","template":"template-banner.php","meta":{"footnotes":""},"_links":{"self":[{"href":"https:\/\/www.abw-planung.de\/index.php?rest_route=\/wp\/v2\/pages\/419"}],"collection":[{"href":"https:\/\/www.abw-planung.de\/index.php?rest_route=\/wp\/v2\/pages"}],"about":[{"href":"https:\/\/www.abw-planung.de\/index.php?rest_route=\/wp\/v2\/types\/page"}],"author":[{"embeddable":true,"href":"https:\/\/www.abw-planung.de\/index.php?rest_route=\/wp\/v2\/users\/1"}],"replies":[{"embeddable":true,"href":"https:\/\/www.abw-planung.de\/index.php?rest_route=%2Fwp%2Fv2%2Fcomments&post=419"}],"version-history":[{"count":35,"href":"https:\/\/www.abw-planung.de\/index.php?rest_route=\/wp\/v2\/pages\/419\/revisions"}],"predecessor-version":[{"id":38018,"href":"https:\/\/www.abw-planung.de\/index.php?rest_route=\/wp\/v2\/pages\/419\/revisions\/38018"}],"up":[{"embeddable":true,"href":"https:\/\/www.abw-planung.de\/index.php?rest_route=\/wp\/v2\/pages\/23"}],"wp:attachment":[{"href":"https:\/\/www.abw-planung.de\/index.php?rest_route=%2Fwp%2Fv2%2Fmedia&parent=419"}],"curies":[{"name":"wp","href":"https:\/\/api.w.org\/{rel}","templated":true}]}}