{"id":621,"date":"2017-06-26T16:44:03","date_gmt":"2017-06-26T14:44:03","guid":{"rendered":"http:\/\/www.architekturbuero-wendrich.de\/?page_id=621"},"modified":"2024-10-24T11:34:11","modified_gmt":"2024-10-24T09:34:11","slug":"stellenangebot-2","status":"publish","type":"page","link":"https:\/\/www.abw-planung.de\/?page_id=621","title":{"rendered":"STELLENANGEBOT"},"content":{"rendered":"\n<p><strong>Wir suchen Dich, gern auch als Berufseinsteiger.<\/strong><\/p>\n\n\n\n<p>Ein mittelst\u00e4ndiges Architekturb\u00fcro mit Hauptsitz in Gera (10 Angestellte)<br>mit dem T\u00e4tigkeitsbereich Architektur in Neubau und Sanierung, Landschaftsarchitektur\/<br>Tiefbau und Projektsteuerung sucht zum n\u00e4chstm\u00f6glichen Zeitpunkt eine\/n Architekt\/in, Bauingenieur\/in bzw. Projektingenieur\/in (Hochbau) in unbefristeter Vollzeitanstellung.<\/p>\n\n\n\n<p>Wir arbeiten in allen Leistungsphasen der HOAI vom Entwurf bis Bau\u00fcberwachung. Unsere Baustellen befinden sich \u00fcberwiegend in Gera und Umgebung (bis 100 km).<\/p>\n\n\n\n<p>Du findest hier ein famili\u00e4r gef\u00fchrtes Team vor, was \u00fcberwiegend aus jungen Architekten und Ingenieuren (m\/w) besteht, welches mit und neben der Arbeit auch jede Menge Spa\u00df hat.<\/p>\n\n\n\n<p>Haupts\u00e4chlich arbeiten wir im Wohnungsbau in Neubau und Sanierung, nehmen aber auch an Wettbewerben teil. <\/p>\n\n\n\n<p>Unsere Anforderung an Dich sind:<br>abgeschlossene Ausbildung in Fachrichtung Architekt oder Bauingenieur<\/p>\n\n\n\n<p>T\u00e4tigkeitsbeschreibung\/Aufgaben<br>&#8211; Projektingenieur f\u00fcr Genehmigungs- und Ausf\u00fchrungsplanung,<br>ggfs. auch Ausschreibung und Vergabe<br>bzw.<br>&#8211; Bauleiter f\u00fcr Objekt\u00fcberwachung, Ausschreibung und Vergabe<\/p>\n\n\n\n<p>Qualifikation:<br>&#8211; notwendig: Fahrerlaubnis PKW<br>&#8211; w\u00fcnschenswert: Kenntnisse in CAD-System &#8222;Autocad&#8220; bzw. &#8222;Revit&#8220;<\/p>\n\n\n\n<p>Deine Bewerbung richtest du an: <a href=\"mailto:mail@abw-planung.de\"><strong>mail@abw-planung.de<\/strong><\/a><\/p>\n","protected":false},"excerpt":{"rendered":"<p>Wir suchen Dich, gern auch als Berufseinsteiger. Ein mittelst\u00e4ndiges Architekturb\u00fcro mit Hauptsitz in Gera (10 Angestellte)mit dem T\u00e4tigkeitsbereich Architektur in&#8230;<\/p>\n","protected":false},"author":1,"featured_media":0,"parent":0,"menu_order":0,"comment_status":"closed","ping_status":"closed","template":"template-full-width-ohne-widget.php","meta":{"footnotes":""},"_links":{"self":[{"href":"https:\/\/www.abw-planung.de\/index.php?rest_route=\/wp\/v2\/pages\/621"}],"collection":[{"href":"https:\/\/www.abw-planung.de\/index.php?rest_route=\/wp\/v2\/pages"}],"about":[{"href":"https:\/\/www.abw-planung.de\/index.php?rest_route=\/wp\/v2\/types\/page"}],"author":[{"embeddable":true,"href":"https:\/\/www.abw-planung.de\/index.php?rest_route=\/wp\/v2\/users\/1"}],"replies":[{"embeddable":true,"href":"https:\/\/www.abw-planung.de\/index.php?rest_route=%2Fwp%2Fv2%2Fcomments&post=621"}],"version-history":[{"count":6,"href":"https:\/\/www.abw-planung.de\/index.php?rest_route=\/wp\/v2\/pages\/621\/revisions"}],"predecessor-version":[{"id":38735,"href":"https:\/\/www.abw-planung.de\/index.php?rest_route=\/wp\/v2\/pages\/621\/revisions\/38735"}],"wp:attachment":[{"href":"https:\/\/www.abw-planung.de\/index.php?rest_route=%2Fwp%2Fv2%2Fmedia&parent=621"}],"curies":[{"name":"wp","href":"https:\/\/api.w.org\/{rel}","templated":true}]}}